{"id":69,"date":"2023-07-17T14:31:39","date_gmt":"2023-07-17T14:31:39","guid":{"rendered":"http:\/\/noxiy.local\/?page_id=68"},"modified":"2025-11-25T16:01:35","modified_gmt":"2025-11-25T16:01:35","slug":"iletisim","status":"publish","type":"page","link":"https:\/\/www.quicktechelect.com\/en\/iletisim\/","title":{"rendered":"Contact"},"content":{"rendered":"<div data-elementor-type=\"wp-page\" data-elementor-id=\"69\" class=\"elementor elementor-69\">\n\t\t\t\t\t\t<section class=\"elementor-section elementor-top-section elementor-element elementor-element-9856f4e elementor-section-boxed elementor-section-height-default elementor-section-height-default\" data-id=\"9856f4e\" data-element_type=\"section\">\n\t\t\t\t\t\t<div class=\"elementor-container elementor-column-gap-default\">\n\t\t\t\t\t<div class=\"elementor-column elementor-col-33 elementor-top-column elementor-element elementor-element-9ce2918\" data-id=\"9ce2918\" data-element_type=\"column\" data-settings=\"{&quot;background_background&quot;:&quot;classic&quot;}\">\n\t\t\t<div class=\"elementor-widget-wrap elementor-element-populated\">\n\t\t\t\t\t\t<div class=\"elementor-element elementor-element-de26408 elementor-widget elementor-widget-image\" data-id=\"de26408\" data-element_type=\"widget\" data-widget_type=\"image.default\">\n\t\t\t\t<div class=\"elementor-widget-container\">\n\t\t\t\t\t\t\t\t\t\t\t\t\t\t\t<img decoding=\"async\" width=\"64\" height=\"64\" src=\"https:\/\/www.quicktechelect.com\/wp-content\/uploads\/2023\/07\/email.png\" class=\"attachment-full size-full wp-image-1525\" alt=\"\" \/>\t\t\t\t\t\t\t\t\t\t\t\t\t\t\t<\/div>\n\t\t\t\t<\/div>\n\t\t\t\t<div class=\"elementor-element elementor-element-7c9ae4c elementor-widget elementor-widget-heading\" data-id=\"7c9ae4c\" data-element_type=\"widget\" data-widget_type=\"heading.default\">\n\t\t\t\t<div class=\"elementor-widget-container\">\n\t\t\t\t\t<h4 class=\"elementor-heading-title elementor-size-default\">E-Mail <\/h4>\t\t\t\t<\/div>\n\t\t\t\t<\/div>\n\t\t\t\t<div class=\"elementor-element elementor-element-eb1910c elementor-align-center elementor-icon-list--layout-traditional elementor-list-item-link-full_width elementor-widget elementor-widget-icon-list\" data-id=\"eb1910c\" data-element_type=\"widget\" data-widget_type=\"icon-list.default\">\n\t\t\t\t<div class=\"elementor-widget-container\">\n\t\t\t\t\t\t\t<ul class=\"elementor-icon-list-items\">\n\t\t\t\t\t\t\t<li class=\"elementor-icon-list-item\">\n\t\t\t\t\t\t\t\t\t\t\t<a href=\"mailto:info@quicktechelect.com\">\n\n\t\t\t\t\t\t\t\t\t\t\t<span class=\"elementor-icon-list-text\">info@quicktechelect.com<\/span>\n\t\t\t\t\t\t\t\t\t\t\t<\/a>\n\t\t\t\t\t\t\t\t\t<\/li>\n\t\t\t\t\t\t<\/ul>\n\t\t\t\t\t\t<\/div>\n\t\t\t\t<\/div>\n\t\t\t\t\t<\/div>\n\t\t<\/div>\n\t\t\t\t<div class=\"elementor-column elementor-col-33 elementor-top-column elementor-element elementor-element-6d56997\" data-id=\"6d56997\" data-element_type=\"column\" data-settings=\"{&quot;background_background&quot;:&quot;classic&quot;}\">\n\t\t\t<div class=\"elementor-widget-wrap elementor-element-populated\">\n\t\t\t\t\t\t<div class=\"elementor-element elementor-element-8156928 elementor-widget elementor-widget-image\" data-id=\"8156928\" data-element_type=\"widget\" data-widget_type=\"image.default\">\n\t\t\t\t<div class=\"elementor-widget-container\">\n\t\t\t\t\t\t\t\t\t\t\t\t\t\t\t<img decoding=\"async\" width=\"64\" height=\"64\" src=\"https:\/\/www.quicktechelect.com\/wp-content\/uploads\/2023\/07\/map.png\" class=\"attachment-full size-full wp-image-1526\" alt=\"\" \/>\t\t\t\t\t\t\t\t\t\t\t\t\t\t\t<\/div>\n\t\t\t\t<\/div>\n\t\t\t\t<div class=\"elementor-element elementor-element-e97ae80 elementor-widget elementor-widget-heading\" data-id=\"e97ae80\" data-element_type=\"widget\" data-widget_type=\"heading.default\">\n\t\t\t\t<div class=\"elementor-widget-container\">\n\t\t\t\t\t<h4 class=\"elementor-heading-title elementor-size-default\">Address<\/h4>\t\t\t\t<\/div>\n\t\t\t\t<\/div>\n\t\t\t\t<div class=\"elementor-element elementor-element-42ebcc5 elementor-widget elementor-widget-heading\" data-id=\"42ebcc5\" data-element_type=\"widget\" data-widget_type=\"heading.default\">\n\t\t\t\t<div class=\"elementor-widget-container\">\n\t\t\t\t\t<span class=\"elementor-heading-title elementor-size-default\">QUICKTECH ELEKTRON\u0130K ELEKTR\u0130K<br> \u0130TH. \u0130HR. SAN. VE T\u0130C. LTD. \u015eT\u0130. <br>Bayraktar Mah. Koza 1 Cad. Sa\u011f\u0131ro\u011flu Apt. No:138\/9 \u00c7ankaya, Ankara \/ T\u00fcrkiye<\/span>\t\t\t\t<\/div>\n\t\t\t\t<\/div>\n\t\t\t\t\t<\/div>\n\t\t<\/div>\n\t\t\t\t<div class=\"elementor-column elementor-col-33 elementor-top-column elementor-element elementor-element-878eca5\" data-id=\"878eca5\" data-element_type=\"column\" data-settings=\"{&quot;background_background&quot;:&quot;classic&quot;}\">\n\t\t\t<div class=\"elementor-widget-wrap elementor-element-populated\">\n\t\t\t\t\t\t<div class=\"elementor-element elementor-element-782693a elementor-widget elementor-widget-image\" data-id=\"782693a\" data-element_type=\"widget\" data-widget_type=\"image.default\">\n\t\t\t\t<div class=\"elementor-widget-container\">\n\t\t\t\t\t\t\t\t\t\t\t\t\t\t\t<img decoding=\"async\" width=\"64\" height=\"64\" src=\"https:\/\/www.quicktechelect.com\/wp-content\/uploads\/2023\/07\/phone.png\" class=\"attachment-full size-full wp-image-1528\" alt=\"\" \/>\t\t\t\t\t\t\t\t\t\t\t\t\t\t\t<\/div>\n\t\t\t\t<\/div>\n\t\t\t\t<div class=\"elementor-element elementor-element-d5425e2 elementor-widget elementor-widget-heading\" data-id=\"d5425e2\" data-element_type=\"widget\" data-widget_type=\"heading.default\">\n\t\t\t\t<div class=\"elementor-widget-container\">\n\t\t\t\t\t<h4 class=\"elementor-heading-title elementor-size-default\">Telephone<\/h4>\t\t\t\t<\/div>\n\t\t\t\t<\/div>\n\t\t\t\t<div class=\"elementor-element elementor-element-c326099 elementor-align-center elementor-icon-list--layout-traditional elementor-list-item-link-full_width elementor-widget elementor-widget-icon-list\" data-id=\"c326099\" data-element_type=\"widget\" data-widget_type=\"icon-list.default\">\n\t\t\t\t<div class=\"elementor-widget-container\">\n\t\t\t\t\t\t\t<ul class=\"elementor-icon-list-items\">\n\t\t\t\t\t\t\t<li class=\"elementor-icon-list-item\">\n\t\t\t\t\t\t\t\t\t\t\t<a href=\"tel:  90 ( 312 ) 504 71 74\">\n\n\t\t\t\t\t\t\t\t\t\t\t<span class=\"elementor-icon-list-text\"> +90 ( 312 ) 504 71 74<\/span>\n\t\t\t\t\t\t\t\t\t\t\t<\/a>\n\t\t\t\t\t\t\t\t\t<\/li>\n\t\t\t\t\t\t<\/ul>\n\t\t\t\t\t\t<\/div>\n\t\t\t\t<\/div>\n\t\t\t\t\t<\/div>\n\t\t<\/div>\n\t\t\t\t\t<\/div>\n\t\t<\/section>\n\t\t\t\t<section class=\"elementor-section elementor-top-section elementor-element elementor-element-29b382c elementor-section-full_width elementor-section-height-default elementor-section-height-default\" data-id=\"29b382c\" data-element_type=\"section\">\n\t\t\t\t\t\t<div class=\"elementor-container elementor-column-gap-no\">\n\t\t\t\t\t<div class=\"elementor-column elementor-col-100 elementor-top-column elementor-element elementor-element-1d77390\" data-id=\"1d77390\" data-element_type=\"column\">\n\t\t\t<div class=\"elementor-widget-wrap elementor-element-populated\">\n\t\t\t\t\t\t<div class=\"elementor-element elementor-element-e7f5092 elementor-widget elementor-widget-google_maps\" data-id=\"e7f5092\" data-element_type=\"widget\" data-widget_type=\"google_maps.default\">\n\t\t\t\t<div class=\"elementor-widget-container\">\n\t\t\t\t\t\t\t<div class=\"elementor-custom-embed\">\n\t\t\t<iframe loading=\"lazy\"\n\t\t\t\t\tsrc=\"https:\/\/maps.google.com\/maps?q=Bayraktar%20Mah.%20Koza%201%20Cad.%20Sa%C4%9F%C4%B1ro%C4%9Flu%20Apt.%20No%3A138%2F9%20%C3%87ankaya%2C%20Ankara%20%2F%20T%C3%BCrkiye&#038;t=m&#038;z=12&#038;output=embed&#038;iwloc=near\"\n\t\t\t\t\ttitle=\"Bayraktar Mah. Koza 1 Cad. Sa\u011f\u0131ro\u011flu Apt. No:138\/9 \u00c7ankaya, Ankara \/ T\u00fcrkiye\"\n\t\t\t\t\taria-label=\"Bayraktar Mah. Koza 1 Cad. Sa\u011f\u0131ro\u011flu Apt. No:138\/9 \u00c7ankaya, Ankara \/ T\u00fcrkiye\"\n\t\t\t><\/iframe>\n\t\t<\/div>\n\t\t\t\t\t\t<\/div>\n\t\t\t\t<\/div>\n\t\t\t\t\t<\/div>\n\t\t<\/div>\n\t\t\t\t\t<\/div>\n\t\t<\/section>\n\t\t\t\t<section class=\"elementor-section elementor-top-section elementor-element elementor-element-119b896 elementor-section-boxed elementor-section-height-default elementor-section-height-default\" data-id=\"119b896\" data-element_type=\"section\">\n\t\t\t\t\t\t<div class=\"elementor-container elementor-column-gap-default\">\n\t\t\t\t\t<div class=\"elementor-column elementor-col-100 elementor-top-column elementor-element elementor-element-cb7d190\" data-id=\"cb7d190\" data-element_type=\"column\" data-settings=\"{&quot;background_background&quot;:&quot;classic&quot;}\">\n\t\t\t<div class=\"elementor-widget-wrap elementor-element-populated\">\n\t\t\t\t\t\t<div class=\"elementor-element elementor-element-684bcf3 elementor-widget__width-initial elementor-widget-tablet__width-inherit elementor-widget elementor-widget-heading\" data-id=\"684bcf3\" data-element_type=\"widget\" data-widget_type=\"heading.default\">\n\t\t\t\t<div class=\"elementor-widget-container\">\n\t\t\t\t\t<h2 class=\"elementor-heading-title elementor-size-default\">Contact Form<\/h2>\t\t\t\t<\/div>\n\t\t\t\t<\/div>\n\t\t\t\t<div class=\"elementor-element elementor-element-bbb6828 elementor-widget elementor-widget-shortcode\" data-id=\"bbb6828\" data-element_type=\"widget\" data-widget_type=\"shortcode.default\">\n\t\t\t\t<div class=\"elementor-widget-container\">\n\t\t\t\t\t\t\t<div class=\"elementor-shortcode\"><!-- HTML Forms v1.4.2 - https:\/\/wordpress.org\/plugins\/html-forms\/ -->\n<form method=\"post\"  class=\"hf-form hf-form-408\" data-id=\"408\" data-title=\"Contact 01\" data-slug=\"contact-01\" data-message-success=\"Te\u015fekk\u00fcr ederim! Yak\u0131nda ileti\u015fime ge\u00e7ece\u011fiz.\" data-message-invalid-email=\"\u00dczg\u00fcn\u00fcz, bu e-posta adresi ge\u00e7ersiz g\u00f6r\u00fcn\u00fcyor.\" data-message-required-field-missing=\"Gerekli Alan Eksik\" data-message-error=\"Hata! Bir hata olu\u015ftu.\" action=\"\"><input type=\"hidden\" name=\"_hf_form_id\" value=\"408\" \/><div style=\"display: none;\"><input type=\"text\" name=\"_hf_h408\" value=\"\" \/><\/div><div class=\"hf-fields-wrap\">\t\t\t\t\t\t\t\t<div class=\"row t-center\">\r\n\t\t\t\t\t\t\t\t\t<div class=\"col-md-6 mb-30\">\r\n\t\t\t\t\t\t\t\t\t\t<div class=\"contact__two-right-form-item contact-item\">\r\n\t\t\t\t\t\t\t\t\t\t\t<span class=\"fal fa-user\"><\/span>\r\n\t\t\t\t\t\t\t\t\t\t\t<input type=\"text\" name=\"name\" placeholder=\"Name \/ Surname\" required=\"required\">\r\n\t\t\t\t\t\t\t\t\t\t<\/div>\r\n\t\t\t\t\t\t\t\t\t<\/div>\r\n\t\t\t\t\t\t\t\t\t<div class=\"col-md-6 md-mb-30\">\r\n\t\t\t\t\t\t\t\t\t\t<div class=\"contact__two-right-form-item contact-item\">\r\n\t\t\t\t\t\t\t\t\t\t\t<span class=\"far fa-envelope-open\"><\/span>\r\n\t\t\t\t\t\t\t\t\t\t\t<input type=\"email\" name=\"email\" placeholder=\"E-Mail Address\" required=\"required\">\t\t\t\t\t\t\t\t\t\t\t\r\n\t\t\t\t\t\t\t\t\t\t<\/div>\r\n\t\t\t\t\t\t\t\t\t<\/div>\r\n\t\t\t\t\t\t\t\t\t<div class=\"col-md-12 mb-30\">\r\n\t\t\t\t\t\t\t\t\t\t<div class=\"contact__two-right-form-item contact-item\">\r\n\t\t\t\t\t\t\t\t\t\t\t<span class=\"fal fa-book\"><\/span>\r\n\t\t\t\t\t\t\t\t\t\t\t<input type=\"text\" name=\"subject\" placeholder=\"Subject\">\r\n\t\t\t\t\t\t\t\t\t\t<\/div>\r\n\t\t\t\t\t\t\t\t\t<\/div>\r\n\t\t\t\t\t\t\t\t\t<div class=\"col-md-12 mb-30\">\r\n\t\t\t\t\t\t\t\t\t\t<div class=\"contact__two-right-form-item contact-item\">\r\n\t\t\t\t\t\t\t\t\t\t\t<span class=\"far fa-comments\"><\/span>\r\n\t\t\t\t\t\t\t\t\t\t\t<textarea name=\"message\" placeholder=\"Your message\"><\/textarea>\r\n\t\t\t\t\t\t\t\t\t\t<\/div>\r\n\t\t\t\t\t\t\t\t\t<\/div>\r\n\t\t\t\t\t\t\t\t\t<div class=\"col-md-12\">\r\n\t\t\t\t\t\t\t\t\t\t<div class=\"contact__two-right-form-item\">\r\n\t\t\t\t\t\t\t\t\t\t\t<button class=\"btn-one\" type=\"submit\">Send Message<\/button>\r\n\t\t\t\t\t\t\t\t\t\t<\/div>\r\n\t\t\t\t\t\t\t\t\t<\/div>\r\n\t\t\t\t\t\t\t\t<\/div>\r\n\t\t\t\t\t\t\t<noscript>Please enable JavaScript for this form to work.<\/noscript><\/div><input type=\"hidden\" name=\"trp-form-language\" value=\"en\"\/><\/form><!-- \/ HTML Forms --><\/div>\n\t\t\t\t\t\t<\/div>\n\t\t\t\t<\/div>\n\t\t\t\t\t<\/div>\n\t\t<\/div>\n\t\t\t\t\t<\/div>\n\t\t<\/section>\n\t\t\t\t<\/div>","protected":false},"excerpt":{"rendered":"<p>E-Mail info@quicktechelect.com Adres QUICKTECH ELEKTRON\u0130K ELEKTR\u0130K \u0130TH. \u0130HR. SAN. VE T\u0130C. LTD. \u015eT\u0130. Bayraktar Mah. Koza 1 Cad. Sa\u011f\u0131ro\u011flu Apt. No:138\/9 \u00c7ankaya, Ankara \/ T\u00fcrkiye Telefon +90 ( 312 ) 504 71 74 \u0130leti\u015fim Formu<\/p>","protected":false},"author":1,"featured_media":0,"parent":0,"menu_order":0,"comment_status":"closed","ping_status":"closed","template":"page-builder.php","meta":{"footnotes":""},"class_list":["post-69","page","type-page","status-publish","hentry"],"_links":{"self":[{"href":"https:\/\/www.quicktechelect.com\/en\/wp-json\/wp\/v2\/pages\/69","targetHints":{"allow":["GET"]}}],"collection":[{"href":"https:\/\/www.quicktechelect.com\/en\/wp-json\/wp\/v2\/pages"}],"about":[{"href":"https:\/\/www.quicktechelect.com\/en\/wp-json\/wp\/v2\/types\/page"}],"author":[{"embeddable":true,"href":"https:\/\/www.quicktechelect.com\/en\/wp-json\/wp\/v2\/users\/1"}],"replies":[{"embeddable":true,"href":"https:\/\/www.quicktechelect.com\/en\/wp-json\/wp\/v2\/comments?post=69"}],"version-history":[{"count":26,"href":"https:\/\/www.quicktechelect.com\/en\/wp-json\/wp\/v2\/pages\/69\/revisions"}],"predecessor-version":[{"id":3023,"href":"https:\/\/www.quicktechelect.com\/en\/wp-json\/wp\/v2\/pages\/69\/revisions\/3023"}],"wp:attachment":[{"href":"https:\/\/www.quicktechelect.com\/en\/wp-json\/wp\/v2\/media?parent=69"}],"curies":[{"name":"wp","href":"https:\/\/api.w.org\/{rel}","templated":true}]}}