{"id":47,"date":"2023-07-17T14:27:31","date_gmt":"2023-07-17T14:27:31","guid":{"rendered":"http:\/\/noxiy.local\/?page_id=47"},"modified":"2024-11-10T23:15:28","modified_gmt":"2024-11-10T23:15:28","slug":"insan-kaynaklari","status":"publish","type":"page","link":"https:\/\/www.quicktechelect.com\/en\/insan-kaynaklari\/","title":{"rendered":"Human Resources"},"content":{"rendered":"<div data-elementor-type=\"wp-page\" data-elementor-id=\"47\" class=\"elementor elementor-47\">\n\t\t\t\t<div class=\"elementor-element elementor-element-e44d327 e-flex e-con-boxed e-con e-parent\" data-id=\"e44d327\" data-element_type=\"container\">\n\t\t\t\t\t<div class=\"e-con-inner\">\n\t\t\t\t<div class=\"elementor-element elementor-element-bedea44 elementor-widget elementor-widget-spacer\" data-id=\"bedea44\" data-element_type=\"widget\" data-widget_type=\"spacer.default\">\n\t\t\t\t<div class=\"elementor-widget-container\">\n\t\t\t\t\t\t\t<div class=\"elementor-spacer\">\n\t\t\t<div class=\"elementor-spacer-inner\"><\/div>\n\t\t<\/div>\n\t\t\t\t\t\t<\/div>\n\t\t\t\t<\/div>\n\t\t\t\t\t<\/div>\n\t\t\t\t<\/div>\n\t\t<div class=\"elementor-element elementor-element-0f5d51f e-flex e-con-boxed e-con e-parent\" data-id=\"0f5d51f\" data-element_type=\"container\">\n\t\t\t\t\t<div class=\"e-con-inner\">\n\t\t\t\t<div class=\"elementor-element elementor-element-02021bf elementor-alert-info elementor-widget elementor-widget-alert\" data-id=\"02021bf\" data-element_type=\"widget\" data-widget_type=\"alert.default\">\n\t\t\t\t<div class=\"elementor-widget-container\">\n\t\t\t\t\t\t\t<div class=\"elementor-alert\" role=\"alert\">\n\n\t\t\t\t\t\t<span class=\"elementor-alert-title\">To inform<\/span>\n\t\t\t\n\t\t\t\t\t\t<span class=\"elementor-alert-description\">There are currently no open job positions. <\/span>\n\t\t\t\n\t\t\t\t\t\t<button type=\"button\" class=\"elementor-alert-dismiss\" aria-label=\"Dismiss this alert.\" data-no-translation-aria-label=\"\">\n\t\t\t\t\t\t\t\t\t<span aria-hidden=\"true\">&times;<\/span>\n\t\t\t\t\t\t\t<\/button>\n\t\t\t\n\t\t<\/div>\n\t\t\t\t\t\t<\/div>\n\t\t\t\t<\/div>\n\t\t\t\t\t<\/div>\n\t\t\t\t<\/div>\n\t\t<div class=\"elementor-element elementor-element-bfd202a e-flex e-con-boxed e-con e-parent\" data-id=\"bfd202a\" data-element_type=\"container\">\n\t\t\t\t\t<div class=\"e-con-inner\">\n\t\t\t\t<div class=\"elementor-element elementor-element-cdb8d2c elementor-widget elementor-widget-html\" data-id=\"cdb8d2c\" data-element_type=\"widget\" data-widget_type=\"html.default\">\n\t\t\t\t<div class=\"elementor-widget-container\">\n\t\t\t\t\t<div class=\"forminator-ui forminator-custom-form forminator-custom-form-2654 forminator-design--material  forminator_ajax\" data-forminator-render=\"0\" data-form=\"forminator-module-2654\" data-uid=\"69d795db7792e\"><br\/><\/div><form\n\t\t\t\tid=\"forminator-module-2654\"\n\t\t\t\tclass=\"forminator-ui forminator-custom-form forminator-custom-form-2654 forminator-design--material  forminator_ajax\"\n\t\t\t\tmethod=\"post\"\n\t\t\t\tdata-forminator-render=\"0\"\n\t\t\t\tdata-form-id=\"2654\"\n\t\t\t\t\n\t\t\t\tdata-design=\"material\"\n\t\t\t\t\n\t\t\t\t\n\t\t\t\t\n\t\t\t\tdata-grid=\"open\"\n\t\t\t\t\n\t\t\t\t\n\t\t\t\tstyle=\"display: none;\"\n\t\t\t\t\n\t\t\t\tdata-uid=\"69d795db7792e\" action=\"\"\n\t\t\t><div role=\"alert\" aria-live=\"polite\" class=\"forminator-response-message forminator-error\" aria-hidden=\"true\"><\/div><div class=\"forminator-row\"><div id=\"name-1\" class=\"forminator-field-name forminator-col forminator-col-6\"><div class=\"forminator-field\"><label for=\"forminator-field-name-1_69d795db7792e\" id=\"forminator-field-name-1_69d795db7792e-label\" class=\"forminator-label\">Name \/ Surname<\/label><input type=\"text\" name=\"name-1\" value=\"\" placeholder=\"\" id=\"forminator-field-name-1_69d795db7792e\" class=\"forminator-input forminator-name--field\" aria-required=\"false\" \/><\/div><\/div><div id=\"email-1\" class=\"forminator-field-email forminator-col forminator-col-6\"><div class=\"forminator-field\"><label for=\"forminator-field-email-1_69d795db7792e\" id=\"forminator-field-email-1_69d795db7792e-label\" class=\"forminator-label\">E-Mail Address<\/label><input type=\"email\" name=\"email-1\" value=\"\" placeholder=\"\" id=\"forminator-field-email-1_69d795db7792e\" class=\"forminator-input forminator-email--field\" data-required=\"\" aria-required=\"false\" \/><\/div><\/div><\/div><div class=\"forminator-row\"><div id=\"phone-1\" class=\"forminator-field-phone forminator-col forminator-col-6\"><div class=\"forminator-field\"><label for=\"forminator-field-phone-1_69d795db7792e\" id=\"forminator-field-phone-1_69d795db7792e-label\" class=\"forminator-label\">Telephone<\/label><input type=\"text\" name=\"phone-1\" value=\"\" placeholder=\"\" id=\"forminator-field-phone-1_69d795db7792e\" class=\"forminator-input forminator-field--phone\" data-required=\"\" aria-required=\"false\" autocomplete=\"off\" \/><\/div><\/div><div id=\"select-1\" class=\"forminator-field-select forminator-col forminator-col-6\"><div class=\"forminator-field\"><label for=\"forminator-form-2654__field--select-1_69d795db7792e\" id=\"forminator-form-2654__field--select-1_69d795db7792e-label\" class=\"forminator-label\">Application Position<\/label><select  id=\"forminator-form-2654__field--select-1_69d795db7792e\" class=\"forminator-select--field forminator-select2 forminator-select2-multiple\" data-required=\"\" name=\"select-1\" data-default-value=\"\" data-hidden-behavior=\"zero\" data-placeholder=\"\" data-search=\"false\" data-search-placeholder=\"\" data-checkbox=\"false\" data-allow-clear=\"false\" aria-labelledby=\"forminator-form-2654__field--select-1_69d795db7792e-label\"><option value=\"one\"  data-calculation=\"0\">AR-GE<\/option><option value=\"two\"  data-calculation=\"0\">Accounting<\/option><option value=\"Genel\"  data-calculation=\"0\">General<\/option><\/select><\/div><\/div><\/div><div class=\"forminator-row\"><div id=\"textarea-1\" class=\"forminator-field-textarea forminator-col forminator-col-12\"><div class=\"forminator-field\"><label for=\"forminator-field-textarea-1_69d795db7792e\" id=\"forminator-field-textarea-1_69d795db7792e-label\" class=\"forminator-label\">Your message<\/label><textarea name=\"textarea-1\" placeholder=\"\" id=\"forminator-field-textarea-1_69d795db7792e\" class=\"forminator-textarea\" rows=\"6\" style=\"min-height:140px;\" ><\/textarea><\/div><\/div><\/div><input type=\"hidden\" name=\"referer_url\" value=\"\" \/><div class=\"forminator-row forminator-row-last\"><div class=\"forminator-col\"><div class=\"forminator-field\"><button class=\"forminator-button forminator-button-submit\"><span>Submit Form<\/span><span aria-hidden=\"true\"><\/span><\/button><\/div><\/div><\/div><input type=\"hidden\" id=\"forminator_nonce\" name=\"forminator_nonce\" value=\"f9c541b551\" \/><input type=\"hidden\" name=\"_wp_http_referer\" value=\"\/en\/wp-json\/wp\/v2\/pages\/47\" \/><input type=\"hidden\" name=\"form_id\" value=\"2654\"><input type=\"hidden\" name=\"page_id\" value=\"47\"><input type=\"hidden\" name=\"form_type\" value=\"default\"><input type=\"hidden\" name=\"current_url\" value=\"https:\/\/www.quicktechelect.com\/en\/insan-kaynaklari\/\"><input type=\"hidden\" name=\"render_id\" value=\"0\"><input type=\"hidden\" name=\"action\" value=\"forminator_submit_form_custom-forms\"><input type=\"hidden\" name=\"trp-form-language\" value=\"en\"\/><\/form>\t\t\t\t<\/div>\n\t\t\t\t<\/div>\n\t\t\t\t\t<\/div>\n\t\t\t\t<\/div>\n\t\t<div class=\"elementor-element elementor-element-53e61f8 e-flex e-con-boxed e-con e-parent\" data-id=\"53e61f8\" data-element_type=\"container\">\n\t\t\t\t\t<div class=\"e-con-inner\">\n\t\t\t\t<div class=\"elementor-element elementor-element-a0b3e15 elementor-widget elementor-widget-spacer\" data-id=\"a0b3e15\" data-element_type=\"widget\" data-widget_type=\"spacer.default\">\n\t\t\t\t<div class=\"elementor-widget-container\">\n\t\t\t\t\t\t\t<div class=\"elementor-spacer\">\n\t\t\t<div class=\"elementor-spacer-inner\"><\/div>\n\t\t<\/div>\n\t\t\t\t\t\t<\/div>\n\t\t\t\t<\/div>\n\t\t\t\t\t<\/div>\n\t\t\t\t<\/div>\n\t\t\t\t<\/div>","protected":false},"excerpt":{"rendered":"<p>Bilgilendirme \u015eu anda a\u00e7\u0131k bir i\u015f pozisyonu bulunmamaktad\u0131r. &times; Bu uyar\u0131y\u0131 kapat\u0131n.<\/p>","protected":false},"author":1,"featured_media":0,"parent":0,"menu_order":0,"comment_status":"closed","ping_status":"closed","template":"page-builder.php","meta":{"footnotes":""},"class_list":["post-47","page","type-page","status-publish","hentry"],"_links":{"self":[{"href":"https:\/\/www.quicktechelect.com\/en\/wp-json\/wp\/v2\/pages\/47","targetHints":{"allow":["GET"]}}],"collection":[{"href":"https:\/\/www.quicktechelect.com\/en\/wp-json\/wp\/v2\/pages"}],"about":[{"href":"https:\/\/www.quicktechelect.com\/en\/wp-json\/wp\/v2\/types\/page"}],"author":[{"embeddable":true,"href":"https:\/\/www.quicktechelect.com\/en\/wp-json\/wp\/v2\/users\/1"}],"replies":[{"embeddable":true,"href":"https:\/\/www.quicktechelect.com\/en\/wp-json\/wp\/v2\/comments?post=47"}],"version-history":[{"count":9,"href":"https:\/\/www.quicktechelect.com\/en\/wp-json\/wp\/v2\/pages\/47\/revisions"}],"predecessor-version":[{"id":2658,"href":"https:\/\/www.quicktechelect.com\/en\/wp-json\/wp\/v2\/pages\/47\/revisions\/2658"}],"wp:attachment":[{"href":"https:\/\/www.quicktechelect.com\/en\/wp-json\/wp\/v2\/media?parent=47"}],"curies":[{"name":"wp","href":"https:\/\/api.w.org\/{rel}","templated":true}]}}