{"id":43,"date":"2023-07-17T14:25:56","date_gmt":"2023-07-17T14:25:56","guid":{"rendered":"http:\/\/noxiy.local\/?page_id=43"},"modified":"2024-11-15T03:33:15","modified_gmt":"2024-11-15T03:33:15","slug":"urunlerimiz","status":"publish","type":"page","link":"https:\/\/www.quicktechelect.com\/en\/urunlerimiz\/","title":{"rendered":"Our Products"},"content":{"rendered":"<div data-elementor-type=\"wp-page\" data-elementor-id=\"43\" class=\"elementor elementor-43\">\n\t\t\t\t\t\t<section class=\"elementor-section elementor-top-section elementor-element elementor-element-cbf1c44 elementor-section-full_width elementor-section-height-default elementor-section-height-default\" data-id=\"cbf1c44\" data-element_type=\"section\">\n\t\t\t\t\t\t<div class=\"elementor-container elementor-column-gap-no\">\n\t\t\t\t\t<div class=\"elementor-column elementor-col-100 elementor-top-column elementor-element elementor-element-2d04f0c\" data-id=\"2d04f0c\" data-element_type=\"column\">\n\t\t\t<div class=\"elementor-widget-wrap elementor-element-populated\">\n\t\t\t\t\t\t<div class=\"elementor-element elementor-element-a2453b0 elementor-widget elementor-widget-features-noxiy\" data-id=\"a2453b0\" data-element_type=\"widget\" data-widget_type=\"features-noxiy.default\">\n\t\t\t\t<div class=\"elementor-widget-container\">\n\t\t\t\t\t\r\n        <!-- Features Area Start -->\r\n        <div class=\"features__two\" data-background=\"\">\r\n            <div class=\"container\">\r\n                <div class=\"row\">\r\n                    <div class=\"col-xl-6 col-lg-7 lg-mb-30\">\r\n                        <div class=\"features__two-left\">\r\n                            <div class=\"features__two-left-title\">\r\n                                <span class=\"subtitle-three only-noxiy\">\r\n                                    QuickTech Electronics                                <\/span>\r\n                                <h2>\r\n                                    Our Products                                <\/h2>\r\n                                <p>\r\n                                    As QuickTech Electronics, we offer high quality solutions in the electronics industry with our wide product range. We carefully select cables, connectors, electronic components and many other products according to the needs of the industry and offer them to our customers. Each of our products is shipped with the documents of the manufacturer or official distributors.                                <\/p>\r\n                            <\/div>\r\n                            <div class=\"features__two-left-bottom\">\r\n                                <div class=\"features__two-left-bottom-item\">\r\n                                    <div class=\"features__two-left-bottom-item-icon\">\r\n                                        <i class=\"flaticon flaticon-check-mark\"><\/i>\r\n                                    <\/div>\r\n                                    <h5>\r\n                                        100% Satisfaction Guarantee                                    <\/h5>\r\n                                <\/div>\r\n                                <div class=\"features__two-left-bottom-item\">\r\n                                    <div class=\"features__two-left-bottom-item-icon\">\r\n                                        <i class=\"fas fa-money-bill-wave\"><\/i>\r\n                                    <\/div>\r\n                                    <h5>\r\n                                        Competitive Price Policy                                    <\/h5>\r\n                                <\/div>\r\n                            <\/div>\r\n                        <\/div>\r\n                    <\/div>\r\n                    <div class=\"col-xl-6 col-lg-5\">\r\n                        <div class=\"features__two-right dark__image\">\r\n                            <img decoding=\"async\" src=\"https:\/\/www.quicktechelect.com\/wp-content\/uploads\/2024\/11\/Logo1-removebg-preview.png\" alt=\"No alt text\" \/>                        <\/div>\r\n                    <\/div>\r\n                <\/div>\r\n            <\/div>\r\n        <\/div>\r\n        <!-- Features Area End -->\r\n\r\n        <style>\r\n                            .only-noxiy::before {\r\n                    background-image: url(\"https:\/\/www.quicktechelect.com\/wp-content\/uploads\/2024\/11\/subtitle-1.png\");\r\n                }\r\n\r\n                    <\/style>\r\n\r\n        \t\t\t\t<\/div>\n\t\t\t\t<\/div>\n\t\t\t\t\t<\/div>\n\t\t<\/div>\n\t\t\t\t\t<\/div>\n\t\t<\/section>\n\t\t<div class=\"elementor-element elementor-element-e229161 e-flex e-con-boxed e-con e-parent\" data-id=\"e229161\" data-element_type=\"container\">\n\t\t\t\t\t<div class=\"e-con-inner\">\n\t\t\t\t<div class=\"elementor-element elementor-element-6a08b26 elementor-widget elementor-widget-spacer\" data-id=\"6a08b26\" data-element_type=\"widget\" data-widget_type=\"spacer.default\">\n\t\t\t\t<div class=\"elementor-widget-container\">\n\t\t\t\t\t\t\t<div class=\"elementor-spacer\">\n\t\t\t<div class=\"elementor-spacer-inner\"><\/div>\n\t\t<\/div>\n\t\t\t\t\t\t<\/div>\n\t\t\t\t<\/div>\n\t\t\t\t\t<\/div>\n\t\t\t\t<\/div>\n\t\t<div class=\"elementor-element elementor-element-9a70352 e-flex e-con-boxed e-con e-parent\" data-id=\"9a70352\" data-element_type=\"container\">\n\t\t\t\t\t<div class=\"e-con-inner\">\n\t\t<div class=\"elementor-element elementor-element-502dab8 e-con-full e-flex e-con e-child\" data-id=\"502dab8\" data-element_type=\"container\">\n\t\t\t\t<div class=\"elementor-element elementor-element-dbeca0b elementor-widget elementor-widget-heading\" data-id=\"dbeca0b\" data-element_type=\"widget\" data-widget_type=\"heading.default\">\n\t\t\t\t<div class=\"elementor-widget-container\">\n\t\t\t\t\t<h2 class=\"elementor-heading-title elementor-size-default\">- Connectors<\/h2>\t\t\t\t<\/div>\n\t\t\t\t<\/div>\n\t\t\t\t<div class=\"elementor-element elementor-element-8a5011a elementor-widget elementor-widget-text-editor\" data-id=\"8a5011a\" data-element_type=\"widget\" data-widget_type=\"text-editor.default\">\n\t\t\t\t<div class=\"elementor-widget-container\">\n\t\t\t\t\t\t\t\t\t<p>\u2756 MIL-DTL-5015 Type Electrical Connectors<br \/>\u2756 VG95234 Qualified Power and Signal\nConnectors<br \/>\u2756 MIL-DTL83513 Type Electrical Connectors<br \/>\u2756 MIL-C-38999 all series connectors<br \/>\u2756 D-Sub\u00a0Mil\u00a0Spec\u00a0Connectors<br \/>\u2756 PCB Type Connectors<br \/>\u2756 Automotive Connectors: Car, Truck, Bus, Off-Road<br \/>\u2756 All contacts and crimp<br \/>\u2756 All plastic connectors and accessories<br \/>\u2756 All connector accessories<\/p>\t\t\t\t\t\t\t\t<\/div>\n\t\t\t\t<\/div>\n\t\t\t\t<\/div>\n\t\t<div class=\"elementor-element elementor-element-f24ee67 e-con-full e-flex e-con e-child\" data-id=\"f24ee67\" data-element_type=\"container\">\n\t\t\t\t<div class=\"elementor-element elementor-element-a06bd7c elementor-widget elementor-widget-image\" data-id=\"a06bd7c\" data-element_type=\"widget\" data-widget_type=\"image.default\">\n\t\t\t\t<div class=\"elementor-widget-container\">\n\t\t\t\t\t\t\t\t\t\t\t\t\t\t\t<img fetchpriority=\"high\" decoding=\"async\" width=\"960\" height=\"538\" src=\"https:\/\/www.quicktechelect.com\/wp-content\/uploads\/2024\/11\/freepicdownloader.com-photo-computer-cables-connectors-large.jpg\" class=\"attachment-large size-large wp-image-2713\" alt=\"\" srcset=\"https:\/\/www.quicktechelect.com\/wp-content\/uploads\/2024\/11\/freepicdownloader.com-photo-computer-cables-connectors-large.jpg 960w, https:\/\/www.quicktechelect.com\/wp-content\/uploads\/2024\/11\/freepicdownloader.com-photo-computer-cables-connectors-large-300x168.jpg 300w, https:\/\/www.quicktechelect.com\/wp-content\/uploads\/2024\/11\/freepicdownloader.com-photo-computer-cables-connectors-large-768x430.jpg 768w\" sizes=\"(max-width: 960px) 100vw, 960px\" \/>\t\t\t\t\t\t\t\t\t\t\t\t\t\t\t<\/div>\n\t\t\t\t<\/div>\n\t\t\t\t<\/div>\n\t\t\t\t\t<\/div>\n\t\t\t\t<\/div>\n\t\t<div class=\"elementor-element elementor-element-a3d0dd8 e-flex e-con-boxed e-con e-parent\" data-id=\"a3d0dd8\" data-element_type=\"container\">\n\t\t\t\t\t<div class=\"e-con-inner\">\n\t\t\t\t<div class=\"elementor-element elementor-element-47ac883 elementor-widget-divider--view-line elementor-widget elementor-widget-divider\" data-id=\"47ac883\" data-element_type=\"widget\" data-widget_type=\"divider.default\">\n\t\t\t\t<div class=\"elementor-widget-container\">\n\t\t\t\t\t\t\t<div class=\"elementor-divider\">\n\t\t\t<span class=\"elementor-divider-separator\">\n\t\t\t\t\t\t<\/span>\n\t\t<\/div>\n\t\t\t\t\t\t<\/div>\n\t\t\t\t<\/div>\n\t\t\t\t\t<\/div>\n\t\t\t\t<\/div>\n\t\t<div class=\"elementor-element elementor-element-52240e7 e-flex e-con-boxed e-con e-parent\" data-id=\"52240e7\" data-element_type=\"container\">\n\t\t\t\t\t<div class=\"e-con-inner\">\n\t\t<div class=\"elementor-element elementor-element-c7e3ed7 e-con-full e-flex e-con e-child\" data-id=\"c7e3ed7\" data-element_type=\"container\">\n\t\t\t\t<div class=\"elementor-element elementor-element-251d50f elementor-widget elementor-widget-image\" data-id=\"251d50f\" data-element_type=\"widget\" data-widget_type=\"image.default\">\n\t\t\t\t<div class=\"elementor-widget-container\">\n\t\t\t\t\t\t\t\t\t\t\t\t\t\t\t<img decoding=\"async\" width=\"640\" height=\"960\" src=\"https:\/\/www.quicktechelect.com\/wp-content\/uploads\/2024\/11\/freepicdownloader.com-four-core-armored-cooper-cable-background-large.jpg\" class=\"attachment-large size-large wp-image-2721\" alt=\"\" srcset=\"https:\/\/www.quicktechelect.com\/wp-content\/uploads\/2024\/11\/freepicdownloader.com-four-core-armored-cooper-cable-background-large.jpg 640w, https:\/\/www.quicktechelect.com\/wp-content\/uploads\/2024\/11\/freepicdownloader.com-four-core-armored-cooper-cable-background-large-200x300.jpg 200w\" sizes=\"(max-width: 640px) 100vw, 640px\" \/>\t\t\t\t\t\t\t\t\t\t\t\t\t\t\t<\/div>\n\t\t\t\t<\/div>\n\t\t\t\t<\/div>\n\t\t<div class=\"elementor-element elementor-element-b7464f1 e-con-full e-flex e-con e-child\" data-id=\"b7464f1\" data-element_type=\"container\">\n\t\t\t\t<div class=\"elementor-element elementor-element-6f77407 elementor-widget elementor-widget-heading\" data-id=\"6f77407\" data-element_type=\"widget\" data-widget_type=\"heading.default\">\n\t\t\t\t<div class=\"elementor-widget-container\">\n\t\t\t\t\t<h2 class=\"elementor-heading-title elementor-size-default\">- Cables<\/h2>\t\t\t\t<\/div>\n\t\t\t\t<\/div>\n\t\t\t\t<div class=\"elementor-element elementor-element-0310fe8 elementor-widget elementor-widget-text-editor\" data-id=\"0310fe8\" data-element_type=\"widget\" data-widget_type=\"text-editor.default\">\n\t\t\t\t<div class=\"elementor-widget-container\">\n\t\t\t\t\t\t\t\t\t<p>\u2756 Mil-Spec Defence and Aerospace Cables<br \/>\u2756 Automotive Wire: primary wire, battery cable, brake cable,   trailer cable, and car     speaker wire. All of our primary wires meet SAE J-1128, Ford, and Chrysler specifications. MIL-DTL83513 Type Electrical Connectors<br \/>\u2756 Braided Wire and Buss Bars  Mil-Spec Wire and Cable. AA59551 and AA595669 specifications<br \/>\u2756 Communications Cables, Industrial Ethernet Cables, Category Cables, Ribbon Cable, Halogen Free<br \/>\u2756 RF Coaxial Cables \u00a0<br \/>\u2756 Hook-Up and Lead Wire<br \/>\u2756 High-temperature wire<br \/>\u2756 PTFE wire and cables<br \/>\u2756 Power Distribution Cable<br \/>\u2756 Shipboard Cable<br \/>\u2756 Tray &amp; Instrumentation Cable<br \/>\u2756 Heat Shrink Tubing<br \/>\u2756 Wire and cable accessories<\/p>\t\t\t\t\t\t\t\t<\/div>\n\t\t\t\t<\/div>\n\t\t\t\t<\/div>\n\t\t\t\t\t<\/div>\n\t\t\t\t<\/div>\n\t\t<div class=\"elementor-element elementor-element-df9e925 e-flex e-con-boxed e-con e-parent\" data-id=\"df9e925\" data-element_type=\"container\">\n\t\t\t\t\t<div class=\"e-con-inner\">\n\t\t\t\t<div class=\"elementor-element elementor-element-96d7c26 elementor-widget-divider--view-line elementor-widget elementor-widget-divider\" data-id=\"96d7c26\" data-element_type=\"widget\" data-widget_type=\"divider.default\">\n\t\t\t\t<div class=\"elementor-widget-container\">\n\t\t\t\t\t\t\t<div class=\"elementor-divider\">\n\t\t\t<span class=\"elementor-divider-separator\">\n\t\t\t\t\t\t<\/span>\n\t\t<\/div>\n\t\t\t\t\t\t<\/div>\n\t\t\t\t<\/div>\n\t\t\t\t\t<\/div>\n\t\t\t\t<\/div>\n\t\t<div class=\"elementor-element elementor-element-542d158 e-flex e-con-boxed e-con e-parent\" data-id=\"542d158\" data-element_type=\"container\">\n\t\t\t\t\t<div class=\"e-con-inner\">\n\t\t<div class=\"elementor-element elementor-element-9043b78 e-con-full e-flex e-con e-child\" data-id=\"9043b78\" data-element_type=\"container\">\n\t\t\t\t<div class=\"elementor-element elementor-element-3e91e5f elementor-widget elementor-widget-heading\" data-id=\"3e91e5f\" data-element_type=\"widget\" data-widget_type=\"heading.default\">\n\t\t\t\t<div class=\"elementor-widget-container\">\n\t\t\t\t\t<h2 class=\"elementor-heading-title elementor-size-default\">- Electronic Componens<\/h2>\t\t\t\t<\/div>\n\t\t\t\t<\/div>\n\t\t\t\t<div class=\"elementor-element elementor-element-b73e323 elementor-widget elementor-widget-text-editor\" data-id=\"b73e323\" data-element_type=\"widget\" data-widget_type=\"text-editor.default\">\n\t\t\t\t<div class=\"elementor-widget-container\">\n\t\t\t\t\t\t\t\t\t<p>\u2756 Integrated Circuit<br \/>\u2756 Capacitors<br \/>\u2756  FBGA<br \/>\u2756 Module<br \/>\u2756 Converters<br \/>\u2756 Power Supply<br \/>\u2756 Resistors<br \/>\u2756 Diodes<br \/>\u2756 Crystals<br \/>\u2756 PCB<\/p>\t\t\t\t\t\t\t\t<\/div>\n\t\t\t\t<\/div>\n\t\t\t\t<\/div>\n\t\t<div class=\"elementor-element elementor-element-d44048b e-con-full e-flex e-con e-child\" data-id=\"d44048b\" data-element_type=\"container\">\n\t\t\t\t<div class=\"elementor-element elementor-element-b00c23f elementor-widget elementor-widget-image\" data-id=\"b00c23f\" data-element_type=\"widget\" data-widget_type=\"image.default\">\n\t\t\t\t<div class=\"elementor-widget-container\">\n\t\t\t\t\t\t\t\t\t\t\t\t\t\t\t<img decoding=\"async\" width=\"1024\" height=\"574\" src=\"https:\/\/www.quicktechelect.com\/wp-content\/uploads\/2024\/11\/motherboard-background_23-2151733778-1024x574.jpg\" class=\"attachment-large size-large wp-image-2727\" alt=\"\" srcset=\"https:\/\/www.quicktechelect.com\/wp-content\/uploads\/2024\/11\/motherboard-background_23-2151733778-1024x574.jpg 1024w, https:\/\/www.quicktechelect.com\/wp-content\/uploads\/2024\/11\/motherboard-background_23-2151733778-300x168.jpg 300w, https:\/\/www.quicktechelect.com\/wp-content\/uploads\/2024\/11\/motherboard-background_23-2151733778-768x430.jpg 768w, https:\/\/www.quicktechelect.com\/wp-content\/uploads\/2024\/11\/motherboard-background_23-2151733778.jpg 1380w\" sizes=\"(max-width: 1024px) 100vw, 1024px\" \/>\t\t\t\t\t\t\t\t\t\t\t\t\t\t\t<\/div>\n\t\t\t\t<\/div>\n\t\t\t\t<\/div>\n\t\t\t\t\t<\/div>\n\t\t\t\t<\/div>\n\t\t<div class=\"elementor-element elementor-element-68f2bd1 e-flex e-con-boxed e-con e-parent\" data-id=\"68f2bd1\" data-element_type=\"container\">\n\t\t\t\t\t<div class=\"e-con-inner\">\n\t\t\t\t<div class=\"elementor-element elementor-element-25bf80b elementor-widget-divider--view-line elementor-widget elementor-widget-divider\" data-id=\"25bf80b\" data-element_type=\"widget\" data-widget_type=\"divider.default\">\n\t\t\t\t<div class=\"elementor-widget-container\">\n\t\t\t\t\t\t\t<div class=\"elementor-divider\">\n\t\t\t<span class=\"elementor-divider-separator\">\n\t\t\t\t\t\t<\/span>\n\t\t<\/div>\n\t\t\t\t\t\t<\/div>\n\t\t\t\t<\/div>\n\t\t\t\t\t<\/div>\n\t\t\t\t<\/div>\n\t\t<div class=\"elementor-element elementor-element-533031f e-flex e-con-boxed e-con e-parent\" data-id=\"533031f\" data-element_type=\"container\">\n\t\t\t\t\t<div class=\"e-con-inner\">\n\t\t<div class=\"elementor-element elementor-element-e498847 e-con-full e-flex e-con e-child\" data-id=\"e498847\" data-element_type=\"container\">\n\t\t\t\t<div class=\"elementor-element elementor-element-1bdf76b elementor-widget elementor-widget-image\" data-id=\"1bdf76b\" data-element_type=\"widget\" data-widget_type=\"image.default\">\n\t\t\t\t<div class=\"elementor-widget-container\">\n\t\t\t\t\t\t\t\t\t\t\t\t\t\t\t<img loading=\"lazy\" decoding=\"async\" width=\"1024\" height=\"574\" src=\"https:\/\/www.quicktechelect.com\/wp-content\/uploads\/2024\/11\/neatly-arranged-toolbox-with-various-instruments_60438-3794-1024x574.jpg\" class=\"attachment-large size-large wp-image-2731\" alt=\"\" srcset=\"https:\/\/www.quicktechelect.com\/wp-content\/uploads\/2024\/11\/neatly-arranged-toolbox-with-various-instruments_60438-3794-1024x574.jpg 1024w, https:\/\/www.quicktechelect.com\/wp-content\/uploads\/2024\/11\/neatly-arranged-toolbox-with-various-instruments_60438-3794-300x168.jpg 300w, https:\/\/www.quicktechelect.com\/wp-content\/uploads\/2024\/11\/neatly-arranged-toolbox-with-various-instruments_60438-3794-768x430.jpg 768w, https:\/\/www.quicktechelect.com\/wp-content\/uploads\/2024\/11\/neatly-arranged-toolbox-with-various-instruments_60438-3794.jpg 1380w\" sizes=\"(max-width: 1024px) 100vw, 1024px\" \/>\t\t\t\t\t\t\t\t\t\t\t\t\t\t\t<\/div>\n\t\t\t\t<\/div>\n\t\t\t\t<\/div>\n\t\t<div class=\"elementor-element elementor-element-a9808f6 e-con-full e-flex e-con e-child\" data-id=\"a9808f6\" data-element_type=\"container\">\n\t\t\t\t<div class=\"elementor-element elementor-element-d6c2110 elementor-widget elementor-widget-heading\" data-id=\"d6c2110\" data-element_type=\"widget\" data-widget_type=\"heading.default\">\n\t\t\t\t<div class=\"elementor-widget-container\">\n\t\t\t\t\t<h2 class=\"elementor-heading-title elementor-size-default\">- Tools<\/h2>\t\t\t\t<\/div>\n\t\t\t\t<\/div>\n\t\t\t\t<div class=\"elementor-element elementor-element-6af5ec2 elementor-widget elementor-widget-text-editor\" data-id=\"6af5ec2\" data-element_type=\"widget\" data-widget_type=\"text-editor.default\">\n\t\t\t\t<div class=\"elementor-widget-container\">\n\t\t\t\t\t\t\t\t\t<p>\u2756 Crimp Tools<br \/>\u2756 Connector Assembly Tools<br \/>\u2756 Tool Kits<br \/>\u2756 Wire Prep Tools<br \/>\u2756 Gaging and Verification Tools<br \/>\u2756 Banding Tools<br \/>\u2756 Insertion\/Removal Tools<br \/>\u2756 Wire strippers, cutters, ringers, and blades<br \/>\u2756 Accessories<\/p>\t\t\t\t\t\t\t\t<\/div>\n\t\t\t\t<\/div>\n\t\t\t\t<\/div>\n\t\t\t\t\t<\/div>\n\t\t\t\t<\/div>\n\t\t<div class=\"elementor-element elementor-element-caa15ba e-flex e-con-boxed e-con e-parent\" data-id=\"caa15ba\" data-element_type=\"container\">\n\t\t\t\t\t<div class=\"e-con-inner\">\n\t\t\t\t<div class=\"elementor-element elementor-element-bc8c1e4 elementor-widget-divider--view-line elementor-widget elementor-widget-divider\" data-id=\"bc8c1e4\" data-element_type=\"widget\" data-widget_type=\"divider.default\">\n\t\t\t\t<div class=\"elementor-widget-container\">\n\t\t\t\t\t\t\t<div class=\"elementor-divider\">\n\t\t\t<span class=\"elementor-divider-separator\">\n\t\t\t\t\t\t<\/span>\n\t\t<\/div>\n\t\t\t\t\t\t<\/div>\n\t\t\t\t<\/div>\n\t\t\t\t\t<\/div>\n\t\t\t\t<\/div>\n\t\t<div class=\"elementor-element elementor-element-47f0308 e-flex e-con-boxed e-con e-parent\" data-id=\"47f0308\" data-element_type=\"container\">\n\t\t\t\t\t<div class=\"e-con-inner\">\n\t\t<div class=\"elementor-element elementor-element-96aa40d e-con-full e-flex e-con e-child\" data-id=\"96aa40d\" data-element_type=\"container\">\n\t\t\t\t<div class=\"elementor-element elementor-element-a5ba84e elementor-widget elementor-widget-heading\" data-id=\"a5ba84e\" data-element_type=\"widget\" data-widget_type=\"heading.default\">\n\t\t\t\t<div class=\"elementor-widget-container\">\n\t\t\t\t\t<h2 class=\"elementor-heading-title elementor-size-default\">- Others<\/h2>\t\t\t\t<\/div>\n\t\t\t\t<\/div>\n\t\t\t\t<div class=\"elementor-element elementor-element-f46c8b8 elementor-widget elementor-widget-text-editor\" data-id=\"f46c8b8\" data-element_type=\"widget\" data-widget_type=\"text-editor.default\">\n\t\t\t\t<div class=\"elementor-widget-container\">\n\t\t\t\t\t\t\t\t\t<p>\u2756 Relays &amp; Contactors<br>\u2756 Circuit Breaker<br>\u2756 Switches<br>\u2756 Fuses<br>\u2756 Battery Terminals<br>\u2756 Contacts<br>\u2756 Thermostats<br>\u2756 Indicators<br>\u2756 Knobs<br>\u2756 Counters<br>\u2756 LED<br>\u2756 Accessories<\/p>\t\t\t\t\t\t\t\t<\/div>\n\t\t\t\t<\/div>\n\t\t\t\t<\/div>\n\t\t<div class=\"elementor-element elementor-element-01fb10a e-con-full e-flex e-con e-child\" data-id=\"01fb10a\" data-element_type=\"container\">\n\t\t\t\t<div class=\"elementor-element elementor-element-2c7b14a elementor-widget elementor-widget-image\" data-id=\"2c7b14a\" data-element_type=\"widget\" data-widget_type=\"image.default\">\n\t\t\t\t<div class=\"elementor-widget-container\">\n\t\t\t\t\t\t\t\t\t\t\t\t\t\t\t<img loading=\"lazy\" decoding=\"async\" width=\"960\" height=\"640\" src=\"https:\/\/www.quicktechelect.com\/wp-content\/uploads\/2024\/11\/freepicdownloader.com-wago-connectors-large.jpg\" class=\"attachment-large size-large wp-image-2736\" alt=\"\" srcset=\"https:\/\/www.quicktechelect.com\/wp-content\/uploads\/2024\/11\/freepicdownloader.com-wago-connectors-large.jpg 960w, https:\/\/www.quicktechelect.com\/wp-content\/uploads\/2024\/11\/freepicdownloader.com-wago-connectors-large-300x200.jpg 300w, https:\/\/www.quicktechelect.com\/wp-content\/uploads\/2024\/11\/freepicdownloader.com-wago-connectors-large-768x512.jpg 768w\" sizes=\"(max-width: 960px) 100vw, 960px\" \/>\t\t\t\t\t\t\t\t\t\t\t\t\t\t\t<\/div>\n\t\t\t\t<\/div>\n\t\t\t\t<\/div>\n\t\t\t\t\t<\/div>\n\t\t\t\t<\/div>\n\t\t\t\t<\/div>","protected":false},"excerpt":{"rendered":"<p>QuickTech Elektronik \u00dcr\u00fcnlerimiz QuickTech Elektronik olarak, geni\u015f \u00fcr\u00fcn yelpazemizle elektronik sekt\u00f6r\u00fcnde y\u00fcksek kaliteli \u00e7\u00f6z\u00fcmler sunuyoruz. Kablolar, konnekt\u00f6rler, elektronik bile\u015fenler ve daha bir\u00e7ok \u00fcr\u00fcn\u00fc, end\u00fcstrinin ihtiya\u00e7lar\u0131na g\u00f6re titizlikle se\u00e7iyor ve m\u00fc\u015fterilerimize sunuyoruz. Her bir \u00fcr\u00fcn\u00fcm\u00fcz \u00fcretici veya resmi distrib\u00fct\u00f6rlerinin dok\u00fcmanlar\u0131 ile sevk edilmektedir. %100 Memnuniyet Garantisi Rekabet\u00e7i Fiyat Politikas\u0131 &#8211; Konnekt\u00f6rler \u2756 MIL-DTL-5015 Tipi Elektrik Konnekt\u00f6rleri\u2756 [&hellip;]<\/p>","protected":false},"author":1,"featured_media":0,"parent":0,"menu_order":0,"comment_status":"closed","ping_status":"closed","template":"page-builder.php","meta":{"footnotes":""},"class_list":["post-43","page","type-page","status-publish","hentry"],"_links":{"self":[{"href":"https:\/\/www.quicktechelect.com\/en\/wp-json\/wp\/v2\/pages\/43","targetHints":{"allow":["GET"]}}],"collection":[{"href":"https:\/\/www.quicktechelect.com\/en\/wp-json\/wp\/v2\/pages"}],"about":[{"href":"https:\/\/www.quicktechelect.com\/en\/wp-json\/wp\/v2\/types\/page"}],"author":[{"embeddable":true,"href":"https:\/\/www.quicktechelect.com\/en\/wp-json\/wp\/v2\/users\/1"}],"replies":[{"embeddable":true,"href":"https:\/\/www.quicktechelect.com\/en\/wp-json\/wp\/v2\/comments?post=43"}],"version-history":[{"count":53,"href":"https:\/\/www.quicktechelect.com\/en\/wp-json\/wp\/v2\/pages\/43\/revisions"}],"predecessor-version":[{"id":2888,"href":"https:\/\/www.quicktechelect.com\/en\/wp-json\/wp\/v2\/pages\/43\/revisions\/2888"}],"wp:attachment":[{"href":"https:\/\/www.quicktechelect.com\/en\/wp-json\/wp\/v2\/media?parent=43"}],"curies":[{"name":"wp","href":"https:\/\/api.w.org\/{rel}","templated":true}]}}