{"id":42,"date":"2023-07-17T14:25:47","date_gmt":"2023-07-17T14:25:47","guid":{"rendered":"http:\/\/noxiy.local\/?page_id=42"},"modified":"2024-11-11T14:50:53","modified_gmt":"2024-11-11T14:50:53","slug":"hizmetlerimiz","status":"publish","type":"page","link":"https:\/\/www.quicktechelect.com\/en\/hizmetlerimiz\/","title":{"rendered":"Our Services"},"content":{"rendered":"<div data-elementor-type=\"wp-page\" data-elementor-id=\"42\" class=\"elementor elementor-42\">\n\t\t\t\t\t\t<section class=\"elementor-section elementor-top-section elementor-element elementor-element-789422a elementor-section-boxed elementor-section-height-default elementor-section-height-default\" data-id=\"789422a\" data-element_type=\"section\" data-settings=\"{&quot;background_background&quot;:&quot;classic&quot;}\">\n\t\t\t\t\t\t<div class=\"elementor-container elementor-column-gap-no\">\n\t\t\t\t\t<div class=\"elementor-column elementor-col-100 elementor-top-column elementor-element elementor-element-3a202dd\" data-id=\"3a202dd\" data-element_type=\"column\">\n\t\t\t<div class=\"elementor-widget-wrap elementor-element-populated\">\n\t\t\t\t\t\t<div class=\"elementor-element elementor-element-6fb5d95 elementor-widget__width-initial elementor-widget elementor-widget-services_noxiy\" data-id=\"6fb5d95\" data-element_type=\"widget\" data-widget_type=\"services_noxiy.default\">\n\t\t\t\t<div class=\"elementor-widget-container\">\n\t\t\t\t\t\r\n        \r\n                    <div class=\"services__one-item m-0\">\r\n                <div class=\"services__one-item-image\">\r\n                    <img decoding=\"async\" src=\"https:\/\/www.quicktechelect.com\/wp-content\/uploads\/2024\/11\/electrical-shielded-cable-with-many-wires-generative-al_169016-28532.jpg\" alt=\"No alt text\" \/>                <\/div>\r\n                <div class=\"services__one-item-content\">\r\n                    <div class=\"services__one-item-content-icon\">\r\n                        <i class=\"flaticon flaticon-check-mark\"><\/i>\r\n                    <\/div>\r\n                    <h4><a href=\"\">Electronic Component Supply<\/a>\r\n                    <\/h4>\r\n                    <p>\r\n                        We offer a wide range of cables, connectors and electronic components.                    <\/p>\r\n                    <a href=\"\">\r\n                        <p>\r\n                                                    <\/p><i class=\"fas fa-long-arrow-right\"><\/i>\r\n                    <\/a>\r\n                <\/div>\r\n            <\/div>\r\n        \r\n\r\n        \r\n        \r\n        \t\t\t\t<\/div>\n\t\t\t\t<\/div>\n\t\t\t\t<div class=\"elementor-element elementor-element-cdaee74 elementor-widget__width-initial elementor-widget elementor-widget-services_noxiy\" data-id=\"cdaee74\" data-element_type=\"widget\" data-widget_type=\"services_noxiy.default\">\n\t\t\t\t<div class=\"elementor-widget-container\">\n\t\t\t\t\t\r\n        \r\n                    <div class=\"services__one-item m-0\">\r\n                <div class=\"services__one-item-image\">\r\n                    <img decoding=\"async\" src=\"https:\/\/www.quicktechelect.com\/wp-content\/uploads\/2024\/11\/freepicdownloader.com-miniature-electronic-technician-large.jpg\" alt=\"No alt text\" \/>                <\/div>\r\n                <div class=\"services__one-item-content\">\r\n                    <div class=\"services__one-item-content-icon\">\r\n                        <i class=\"flaticon flaticon-check-mark\"><\/i>\r\n                    <\/div>\r\n                    <h4><a href=\"\">Customized Solutions<\/a>\r\n                    <\/h4>\r\n                    <p>\r\n                        We support your projects by developing special solutions according to your needs.                    <\/p>\r\n                    <a href=\"\">\r\n                        <p>\r\n                                                    <\/p><i class=\"fas fa-long-arrow-right\"><\/i>\r\n                    <\/a>\r\n                <\/div>\r\n            <\/div>\r\n        \r\n\r\n        \r\n        \r\n        \t\t\t\t<\/div>\n\t\t\t\t<\/div>\n\t\t\t\t<div class=\"elementor-element elementor-element-a98d808 elementor-widget__width-initial elementor-widget elementor-widget-services_noxiy\" data-id=\"a98d808\" data-element_type=\"widget\" data-widget_type=\"services_noxiy.default\">\n\t\t\t\t<div class=\"elementor-widget-container\">\n\t\t\t\t\t\r\n        \r\n                    <div class=\"services__one-item m-0\">\r\n                <div class=\"services__one-item-image\">\r\n                    <img decoding=\"async\" src=\"https:\/\/www.quicktechelect.com\/wp-content\/uploads\/2024\/11\/standard-quality-control-concept-m_23-2150041842.png\" alt=\"No alt text\" \/>                <\/div>\r\n                <div class=\"services__one-item-content\">\r\n                    <div class=\"services__one-item-content-icon\">\r\n                        <i class=\"flaticon flaticon-check-mark\"><\/i>\r\n                    <\/div>\r\n                    <h4><a href=\"\">High Quality and Reliability<\/a>\r\n                    <\/h4>\r\n                    <p>\r\n                        By prioritizing quality in our products, we provide long-lasting and reliable solutions.                    <\/p>\r\n                    <a href=\"\">\r\n                        <p>\r\n                                                    <\/p><i class=\"fas fa-long-arrow-right\"><\/i>\r\n                    <\/a>\r\n                <\/div>\r\n            <\/div>\r\n        \r\n\r\n        \r\n        \r\n        \t\t\t\t<\/div>\n\t\t\t\t<\/div>\n\t\t\t\t<div class=\"elementor-element elementor-element-4375606 elementor-widget__width-initial elementor-widget elementor-widget-services_noxiy\" data-id=\"4375606\" data-element_type=\"widget\" data-widget_type=\"services_noxiy.default\">\n\t\t\t\t<div class=\"elementor-widget-container\">\n\t\t\t\t\t\r\n        \r\n                    <div class=\"services__one-item m-0\">\r\n                <div class=\"services__one-item-image\">\r\n                    <img decoding=\"async\" src=\"https:\/\/www.quicktechelect.com\/wp-content\/uploads\/2024\/11\/freepicdownloader.com-logistics-container-cargo-ship-transportation-with-working-crane-bridge-deep-sea-port-import-export-large.jpg\" alt=\"No alt text\" \/>                <\/div>\r\n                <div class=\"services__one-item-content\">\r\n                    <div class=\"services__one-item-content-icon\">\r\n                        <i class=\"flaticon flaticon-check-mark\"><\/i>\r\n                    <\/div>\r\n                    <h4><a href=\"\">Fast Delivery<\/a>\r\n                    <\/h4>\r\n                    <p>\r\n                        By accelerating supply processes, we ensure that your projects are completed on time.                    <\/p>\r\n                    <a href=\"\">\r\n                        <p>\r\n                                                    <\/p><i class=\"fas fa-long-arrow-right\"><\/i>\r\n                    <\/a>\r\n                <\/div>\r\n            <\/div>\r\n        \r\n\r\n        \r\n        \r\n        \t\t\t\t<\/div>\n\t\t\t\t<\/div>\n\t\t\t\t<div class=\"elementor-element elementor-element-5ad3bab elementor-widget__width-initial elementor-widget elementor-widget-services_noxiy\" data-id=\"5ad3bab\" data-element_type=\"widget\" data-widget_type=\"services_noxiy.default\">\n\t\t\t\t<div class=\"elementor-widget-container\">\n\t\t\t\t\t\r\n        \r\n                    <div class=\"services__one-item m-0\">\r\n                <div class=\"services__one-item-image\">\r\n                    <img decoding=\"async\" src=\"https:\/\/www.quicktechelect.com\/wp-content\/uploads\/2024\/11\/freepicdownloader.com-interest-rate-up-fed-chart-mortgage-business-large.jpg\" alt=\"No alt text\" \/>                <\/div>\r\n                <div class=\"services__one-item-content\">\r\n                    <div class=\"services__one-item-content-icon\">\r\n                        <i class=\"flaticon flaticon-check-mark\"><\/i>\r\n                    <\/div>\r\n                    <h4><a href=\"\">Competitive Pricing<\/a>\r\n                    <\/h4>\r\n                    <p>\r\n                        We offer quality products that fit your budget at affordable prices.                    <\/p>\r\n                    <a href=\"\">\r\n                        <p>\r\n                                                    <\/p><i class=\"fas fa-long-arrow-right\"><\/i>\r\n                    <\/a>\r\n                <\/div>\r\n            <\/div>\r\n        \r\n\r\n        \r\n        \r\n        \t\t\t\t<\/div>\n\t\t\t\t<\/div>\n\t\t\t\t<div class=\"elementor-element elementor-element-3ea567d elementor-widget__width-initial elementor-widget elementor-widget-services_noxiy\" data-id=\"3ea567d\" data-element_type=\"widget\" data-widget_type=\"services_noxiy.default\">\n\t\t\t\t<div class=\"elementor-widget-container\">\n\t\t\t\t\t\r\n        \r\n                    <div class=\"services__one-item m-0\">\r\n                <div class=\"services__one-item-image\">\r\n                    <img decoding=\"async\" src=\"https:\/\/www.quicktechelect.com\/wp-content\/uploads\/2024\/11\/freepicdownloader.com-electrical-engineering-drawings-electronic-board-large.jpg\" alt=\"No alt text\" \/>                <\/div>\r\n                <div class=\"services__one-item-content\">\r\n                    <div class=\"services__one-item-content-icon\">\r\n                        <i class=\"flaticon flaticon-check-mark\"><\/i>\r\n                    <\/div>\r\n                    <h4><a href=\"\">Technical Support and Consultancy<\/a>\r\n                    <\/h4>\r\n                    <p>\r\n                        We provide technical support and consultancy at every stage of your projects.                    <\/p>\r\n                    <a href=\"\">\r\n                        <p>\r\n                                                    <\/p><i class=\"fas fa-long-arrow-right\"><\/i>\r\n                    <\/a>\r\n                <\/div>\r\n            <\/div>\r\n        \r\n\r\n        \r\n        \r\n        \t\t\t\t<\/div>\n\t\t\t\t<\/div>\n\t\t\t\t\t<\/div>\n\t\t<\/div>\n\t\t\t\t\t<\/div>\n\t\t<\/section>\n\t\t\t\t<\/div>","protected":false},"excerpt":{"rendered":"<p>Elektronik Bile\u015fen Tedariki Kablolar, konnekt\u00f6rler ve elektronik bile\u015fenlerle geni\u015f bir \u00fcr\u00fcn yelpazesi sunuyoruz. \u00d6zelle\u015ftirilmi\u015f \u00c7\u00f6z\u00fcmler \u0130htiya\u00e7lar\u0131n\u0131za g\u00f6re \u00f6zel \u00e7\u00f6z\u00fcmler geli\u015ftirerek projelerinizi destekliyoruz. Y\u00fcksek Kalite ve G\u00fcvenilirlik \u00dcr\u00fcnlerimizde kaliteyi \u00f6n planda tutarak, uzun \u00f6m\u00fcrl\u00fc ve g\u00fcvenilir \u00e7\u00f6z\u00fcmler sa\u011fl\u0131yoruz. H\u0131zl\u0131 Teslimat Tedarik s\u00fcre\u00e7lerini h\u0131zland\u0131rarak, projelerinizi zaman\u0131nda tamamlanmas\u0131n\u0131 sa\u011fl\u0131yoruz. Rekabet\u00e7i Fiyatland\u0131rma B\u00fct\u00e7enize uygun, kaliteli \u00fcr\u00fcnleri uygun fiyatlarla sunuyoruz. [&hellip;]<\/p>","protected":false},"author":1,"featured_media":0,"parent":0,"menu_order":0,"comment_status":"closed","ping_status":"closed","template":"page-builder.php","meta":{"footnotes":""},"class_list":["post-42","page","type-page","status-publish","hentry"],"_links":{"self":[{"href":"https:\/\/www.quicktechelect.com\/en\/wp-json\/wp\/v2\/pages\/42","targetHints":{"allow":["GET"]}}],"collection":[{"href":"https:\/\/www.quicktechelect.com\/en\/wp-json\/wp\/v2\/pages"}],"about":[{"href":"https:\/\/www.quicktechelect.com\/en\/wp-json\/wp\/v2\/types\/page"}],"author":[{"embeddable":true,"href":"https:\/\/www.quicktechelect.com\/en\/wp-json\/wp\/v2\/users\/1"}],"replies":[{"embeddable":true,"href":"https:\/\/www.quicktechelect.com\/en\/wp-json\/wp\/v2\/comments?post=42"}],"version-history":[{"count":17,"href":"https:\/\/www.quicktechelect.com\/en\/wp-json\/wp\/v2\/pages\/42\/revisions"}],"predecessor-version":[{"id":2749,"href":"https:\/\/www.quicktechelect.com\/en\/wp-json\/wp\/v2\/pages\/42\/revisions\/2749"}],"wp:attachment":[{"href":"https:\/\/www.quicktechelect.com\/en\/wp-json\/wp\/v2\/media?parent=42"}],"curies":[{"name":"wp","href":"https:\/\/api.w.org\/{rel}","templated":true}]}}