{"id":40,"date":"2023-07-17T14:25:00","date_gmt":"2023-07-17T14:25:00","guid":{"rendered":"http:\/\/noxiy.local\/?page_id=40"},"modified":"2024-11-19T16:17:46","modified_gmt":"2024-11-19T16:17:46","slug":"hakkimizda","status":"publish","type":"page","link":"https:\/\/www.quicktechelect.com\/en\/hakkimizda\/","title":{"rendered":"About us"},"content":{"rendered":"<div data-elementor-type=\"wp-page\" data-elementor-id=\"40\" class=\"elementor elementor-40\">\n\t\t\t\t\t\t<section class=\"elementor-section elementor-top-section elementor-element elementor-element-d28b46d elementor-section-content-middle elementor-section-boxed elementor-section-height-default elementor-section-height-default\" data-id=\"d28b46d\" data-element_type=\"section\" data-settings=\"{&quot;background_background&quot;:&quot;classic&quot;}\">\n\t\t\t\t\t\t<div class=\"elementor-container elementor-column-gap-default\">\n\t\t\t\t\t<div class=\"elementor-column elementor-col-50 elementor-top-column elementor-element elementor-element-dc60365\" data-id=\"dc60365\" data-element_type=\"column\">\n\t\t\t<div class=\"elementor-widget-wrap elementor-element-populated\">\n\t\t\t\t\t\t<div class=\"elementor-element elementor-element-dda39d6 elementor-widget elementor-widget-image\" data-id=\"dda39d6\" data-element_type=\"widget\" data-widget_type=\"image.default\">\n\t\t\t\t<div class=\"elementor-widget-container\">\n\t\t\t\t\t\t\t\t\t\t\t\t\t\t\t<img fetchpriority=\"high\" decoding=\"async\" width=\"574\" height=\"1024\" src=\"https:\/\/www.quicktechelect.com\/wp-content\/uploads\/2024\/11\/neon-motherboard-background_23-2151704783-574x1024.png\" class=\"attachment-large size-large wp-image-2611\" alt=\"\" srcset=\"https:\/\/www.quicktechelect.com\/wp-content\/uploads\/2024\/11\/neon-motherboard-background_23-2151704783-574x1024.png 574w, https:\/\/www.quicktechelect.com\/wp-content\/uploads\/2024\/11\/neon-motherboard-background_23-2151704783-168x300.png 168w, https:\/\/www.quicktechelect.com\/wp-content\/uploads\/2024\/11\/neon-motherboard-background_23-2151704783.png 740w\" sizes=\"(max-width: 574px) 100vw, 574px\" \/>\t\t\t\t\t\t\t\t\t\t\t\t\t\t\t<\/div>\n\t\t\t\t<\/div>\n\t\t\t\t\t<\/div>\n\t\t<\/div>\n\t\t\t\t<div class=\"elementor-column elementor-col-50 elementor-top-column elementor-element elementor-element-85a7b5b\" data-id=\"85a7b5b\" data-element_type=\"column\">\n\t\t\t<div class=\"elementor-widget-wrap elementor-element-populated\">\n\t\t\t\t\t\t<div class=\"elementor-element elementor-element-6003ad5 elementor-widget__width-initial elementor-widget-mobile__width-inherit elementor-widget elementor-widget-heading\" data-id=\"6003ad5\" data-element_type=\"widget\" data-widget_type=\"heading.default\">\n\t\t\t\t<div class=\"elementor-widget-container\">\n\t\t\t\t\t<h2 class=\"elementor-heading-title elementor-size-default\">About us<\/h2>\t\t\t\t<\/div>\n\t\t\t\t<\/div>\n\t\t\t\t<div class=\"elementor-element elementor-element-dd7f34a elementor-widget__width-initial elementor-widget-tablet__width-inherit elementor-widget elementor-widget-heading\" data-id=\"dd7f34a\" data-element_type=\"widget\" data-widget_type=\"heading.default\">\n\t\t\t\t<div class=\"elementor-widget-container\">\n\t\t\t\t\t<p class=\"elementor-heading-title elementor-size-default\">QuickTech Electronics is a dynamic company with 18 years of management experience, dedicated to meeting your material supply needs in the industry.<br><br>\nWe ensure the successful implementation of your projects by prioritizing quality, offering a wide range of products including cables, connectors, and electronic components, and providing industry-specific solutions tailored to your requirements.<br><br>\nThanks to our innovative approach and broad product range, we deliver fast, effective, and customized solutions to our customers. We focus on quality, reliability, and competitive pricing to maximize customer satisfaction and build long-term cooperations. <br><br>\nQuickTech Electronics following the latest industry developments and is always ready to support the success of your projects.<br><br>\n By partnering with us, you can speed up your supply processes, increase your efficiency, and benefit from working with a reliable partner. Contact us today to build a stronger foundation for your projects.\n<br><br>\nReach the Speed \u200b\u200bof Technology, Move Forward with Confidence!\n<\/p>\t\t\t\t<\/div>\n\t\t\t\t<\/div>\n\t\t\t\t\t<\/div>\n\t\t<\/div>\n\t\t\t\t\t<\/div>\n\t\t<\/section>\n\t\t<div class=\"elementor-element elementor-element-fb716d9 e-flex e-con-boxed e-con e-parent\" data-id=\"fb716d9\" data-element_type=\"container\">\n\t\t\t\t\t<div class=\"e-con-inner\">\n\t\t<div class=\"elementor-element elementor-element-155f896 e-con-full e-flex e-con e-child\" data-id=\"155f896\" data-element_type=\"container\">\n\t\t\t\t<div class=\"elementor-element elementor-element-8e33af6 elementor-widget elementor-widget-heading\" data-id=\"8e33af6\" data-element_type=\"widget\" data-widget_type=\"heading.default\">\n\t\t\t\t<div class=\"elementor-widget-container\">\n\t\t\t\t\t<h2 class=\"elementor-heading-title elementor-size-default\">Our Mission<\/h2>\t\t\t\t<\/div>\n\t\t\t\t<\/div>\n\t\t\t\t<div class=\"elementor-element elementor-element-b7ba0a2 elementor-widget elementor-widget-text-editor\" data-id=\"b7ba0a2\" data-element_type=\"widget\" data-widget_type=\"text-editor.default\">\n\t\t\t\t<div class=\"elementor-widget-container\">\n\t\t\t\t\t\t\t\t\t<p>As QuickTech Elektronik, we prioritize customer satisfaction by providing reliable material supply solutions with high quality and competitive prices; We enable our customers to successfully implement their projects. Our goal is to always add value to our customers and contribute to their success as the most reliable and innovative business partner in the industry.<\/p>\t\t\t\t\t\t\t\t<\/div>\n\t\t\t\t<\/div>\n\t\t\t\t<\/div>\n\t\t<div class=\"elementor-element elementor-element-ed59340 e-con-full e-flex e-con e-child\" data-id=\"ed59340\" data-element_type=\"container\">\n\t\t\t\t<div class=\"elementor-element elementor-element-d09e15f elementor-widget elementor-widget-heading\" data-id=\"d09e15f\" data-element_type=\"widget\" data-widget_type=\"heading.default\">\n\t\t\t\t<div class=\"elementor-widget-container\">\n\t\t\t\t\t<h2 class=\"elementor-heading-title elementor-size-default\">Our Vision<\/h2>\t\t\t\t<\/div>\n\t\t\t\t<\/div>\n\t\t\t\t<div class=\"elementor-element elementor-element-b04478f elementor-widget elementor-widget-text-editor\" data-id=\"b04478f\" data-element_type=\"widget\" data-widget_type=\"text-editor.default\">\n\t\t\t\t<div class=\"elementor-widget-container\">\n\t\t\t\t\t\t\t\t\t<p>Our goal is to be one of the most innovative and reliable solution providers in the industry, with a strong worldwide supply network, and to provide quality, fast and effective service to each of our customers on a global scale.<\/p>\t\t\t\t\t\t\t\t<\/div>\n\t\t\t\t<\/div>\n\t\t\t\t<\/div>\n\t\t\t\t\t<\/div>\n\t\t\t\t<\/div>\n\t\t\t\t<\/div>","protected":false},"excerpt":{"rendered":"<p>Hakk\u0131m\u0131zda QuickTech Elektronik, 18 y\u0131ll\u0131k deneyime sahip dinamik y\u00f6netimiyle, malzeme tedarik hizmetlerinde sekt\u00f6rdeki ihtiya\u00e7lar\u0131n\u0131z\u0131 kar\u015f\u0131lamak i\u00e7in kendini adayan bir kurulu\u015ftur. Projelerinizin ba\u015far\u0131yla hayata ge\u00e7mesi i\u00e7in kaliteyi her zaman \u00f6n planda tutarak, ihtiya\u00e7 duydu\u011funuz kablolar, konekt\u00f6rler ve elektronik bile\u015fenler gibi geni\u015f bir \u00fcr\u00fcn yelpazesiyle sekt\u00f6re \u00f6zel \u00e7\u00f6z\u00fcmler sunuyoruz Yenilik\u00e7i yakla\u015f\u0131m\u0131m\u0131z ve geni\u015f \u00fcr\u00fcn yelpazemiz sayesinde, m\u00fc\u015fterilerimize [&hellip;]<\/p>","protected":false},"author":1,"featured_media":0,"parent":0,"menu_order":0,"comment_status":"closed","ping_status":"closed","template":"page-builder.php","meta":{"footnotes":""},"class_list":["post-40","page","type-page","status-publish","hentry"],"_links":{"self":[{"href":"https:\/\/www.quicktechelect.com\/en\/wp-json\/wp\/v2\/pages\/40","targetHints":{"allow":["GET"]}}],"collection":[{"href":"https:\/\/www.quicktechelect.com\/en\/wp-json\/wp\/v2\/pages"}],"about":[{"href":"https:\/\/www.quicktechelect.com\/en\/wp-json\/wp\/v2\/types\/page"}],"author":[{"embeddable":true,"href":"https:\/\/www.quicktechelect.com\/en\/wp-json\/wp\/v2\/users\/1"}],"replies":[{"embeddable":true,"href":"https:\/\/www.quicktechelect.com\/en\/wp-json\/wp\/v2\/comments?post=40"}],"version-history":[{"count":29,"href":"https:\/\/www.quicktechelect.com\/en\/wp-json\/wp\/v2\/pages\/40\/revisions"}],"predecessor-version":[{"id":2970,"href":"https:\/\/www.quicktechelect.com\/en\/wp-json\/wp\/v2\/pages\/40\/revisions\/2970"}],"wp:attachment":[{"href":"https:\/\/www.quicktechelect.com\/en\/wp-json\/wp\/v2\/media?parent=40"}],"curies":[{"name":"wp","href":"https:\/\/api.w.org\/{rel}","templated":true}]}}